{"id":11,"date":"2021-05-27T11:09:42","date_gmt":"2021-05-27T11:09:42","guid":{"rendered":"http:\/\/www.statueofsatoshi.com\/?page_id=11"},"modified":"2021-09-19T10:24:02","modified_gmt":"2021-09-19T10:24:02","slug":"contact","status":"publish","type":"page","link":"https:\/\/www.statueofsatoshi.com\/index.php\/contact\/","title":{"rendered":"Contact"},"content":{"rendered":"\n<p>Feel free to contact us with your questions, ideas, comments, anything else! We will get back to you within a day! <\/p>\n\n\n\n<p class=\"has-text-align-center\"><strong>satoshistatue@gmail.com<\/strong><\/p>\n\n\n\n<p>For press inquires please call: +36 30 901 99 51<\/p>\n\n\n\n<figure class=\"wp-block-image size-large\"><img loading=\"lazy\" decoding=\"async\" width=\"1024\" height=\"509\" src=\"https:\/\/www.statueofsatoshi.com\/wp-content\/uploads\/2021\/09\/Screen-Shot-2021-09-17-at-01.26.05-1024x509.png\" alt=\"\" class=\"wp-image-254\" srcset=\"https:\/\/www.statueofsatoshi.com\/wp-content\/uploads\/2021\/09\/Screen-Shot-2021-09-17-at-01.26.05-1024x509.png 1024w, https:\/\/www.statueofsatoshi.com\/wp-content\/uploads\/2021\/09\/Screen-Shot-2021-09-17-at-01.26.05-300x149.png 300w, https:\/\/www.statueofsatoshi.com\/wp-content\/uploads\/2021\/09\/Screen-Shot-2021-09-17-at-01.26.05-768x381.png 768w, https:\/\/www.statueofsatoshi.com\/wp-content\/uploads\/2021\/09\/Screen-Shot-2021-09-17-at-01.26.05-1536x763.png 1536w, https:\/\/www.statueofsatoshi.com\/wp-content\/uploads\/2021\/09\/Screen-Shot-2021-09-17-at-01.26.05-2048x1017.png 2048w\" sizes=\"(max-width: 767px) 89vw, (max-width: 1000px) 54vw, (max-width: 1071px) 543px, 580px\" \/><figcaption>Satoshi statue team signing the letter we hid inside the statue (l-r): Imre Szil\u00e1gyi, Andr\u00e1s Gy\u00f6rfi, Korn\u00e9l Kalocsai, Barnab\u00e1s Debreczeni, Gabriella Rask\u00f3-Debreczeni<\/figcaption><\/figure>\n\n\n\n<figure class=\"wp-block-embed-youtube wp-block-embed is-type-video is-provider-youtube wp-embed-aspect-16-9 wp-has-aspect-ratio\"><div class=\"wp-block-embed__wrapper\">\n<iframe loading=\"lazy\" title=\"SATOSHI STATUE SECRET INSIDE\" width=\"525\" height=\"295\" src=\"https:\/\/www.youtube.com\/embed\/p66DPMlKz4A?feature=oembed\" frameborder=\"0\" allow=\"accelerometer; autoplay; clipboard-write; encrypted-media; gyroscope; picture-in-picture\" allowfullscreen><\/iframe>\n<\/div><figcaption><em>Two days before the unveiling of Satushi&#8217;s statue, we hid something inside&#8230;<\/em><\/figcaption><\/figure>\n\n\n\n<p>Visit Satoshi any day of the year, any time of the day free of charge in the Graphisoft Park, Budapest, Hungary!<\/p>\n","protected":false},"excerpt":{"rendered":"<p>Feel free to contact us with your questions, ideas, comments, anything else! We will get back to you within a day! satoshistatue@gmail.com For press inquires please call: +36 30 901 99 51 Visit Satoshi any day of the year, any time of the day free of charge in the Graphisoft Park, Budapest, Hungary!<\/p>\n","protected":false},"author":2,"featured_media":32,"parent":0,"menu_order":0,"comment_status":"closed","ping_status":"closed","template":"","meta":{"_monsterinsights_skip_tracking":false,"_monsterinsights_sitenote_active":false,"_monsterinsights_sitenote_note":"","_monsterinsights_sitenote_category":0,"footnotes":""},"_links":{"self":[{"href":"https:\/\/www.statueofsatoshi.com\/index.php\/wp-json\/wp\/v2\/pages\/11"}],"collection":[{"href":"https:\/\/www.statueofsatoshi.com\/index.php\/wp-json\/wp\/v2\/pages"}],"about":[{"href":"https:\/\/www.statueofsatoshi.com\/index.php\/wp-json\/wp\/v2\/types\/page"}],"author":[{"embeddable":true,"href":"https:\/\/www.statueofsatoshi.com\/index.php\/wp-json\/wp\/v2\/users\/2"}],"replies":[{"embeddable":true,"href":"https:\/\/www.statueofsatoshi.com\/index.php\/wp-json\/wp\/v2\/comments?post=11"}],"version-history":[{"count":9,"href":"https:\/\/www.statueofsatoshi.com\/index.php\/wp-json\/wp\/v2\/pages\/11\/revisions"}],"predecessor-version":[{"id":314,"href":"https:\/\/www.statueofsatoshi.com\/index.php\/wp-json\/wp\/v2\/pages\/11\/revisions\/314"}],"wp:featuredmedia":[{"embeddable":true,"href":"https:\/\/www.statueofsatoshi.com\/index.php\/wp-json\/wp\/v2\/media\/32"}],"wp:attachment":[{"href":"https:\/\/www.statueofsatoshi.com\/index.php\/wp-json\/wp\/v2\/media?parent=11"}],"curies":[{"name":"wp","href":"https:\/\/api.w.org\/{rel}","templated":true}]}}