{"id":201,"date":"2021-06-03T16:16:37","date_gmt":"2021-06-03T16:16:37","guid":{"rendered":"http:\/\/www.statueofsatoshi.com\/?page_id=201"},"modified":"2021-11-19T11:10:57","modified_gmt":"2021-11-19T11:10:57","slug":"making-of","status":"publish","type":"page","link":"https:\/\/www.statueofsatoshi.com\/index.php\/making-of\/","title":{"rendered":"Making of"},"content":{"rendered":"\n<p>The making of the world&#8217;s first Satoshi Nakamoto statue can be seen here. The whole process was four months, done in several locations, workshops in the Hungarian countryside, in Pest county. We are very grateful for sculptures R\u00e9ka Gergely and Tam\u00e1s Gilly for working with us, they created something truly remarkable. <\/p>\n\n\n\n<div class=\"wp-block-image\"><figure class=\"aligncenter size-large is-resized\"><img loading=\"lazy\" decoding=\"async\" src=\"https:\/\/www.statueofsatoshi.com\/wp-content\/uploads\/2021\/09\/Satoshi-Statue-718x1024.jpg\" alt=\"\" class=\"wp-image-276\" width=\"360\" height=\"514\" srcset=\"https:\/\/www.statueofsatoshi.com\/wp-content\/uploads\/2021\/09\/Satoshi-Statue-718x1024.jpg 718w, https:\/\/www.statueofsatoshi.com\/wp-content\/uploads\/2021\/09\/Satoshi-Statue-210x300.jpg 210w, https:\/\/www.statueofsatoshi.com\/wp-content\/uploads\/2021\/09\/Satoshi-Statue-768x1095.jpg 768w, https:\/\/www.statueofsatoshi.com\/wp-content\/uploads\/2021\/09\/Satoshi-Statue-1077x1536.jpg 1077w, https:\/\/www.statueofsatoshi.com\/wp-content\/uploads\/2021\/09\/Satoshi-Statue.jpg 1226w\" sizes=\"(max-width: 360px) 100vw, 360px\" \/><figcaption>The final design on paper, March 2021.<\/figcaption><\/figure><\/div>\n\n\n\n<div class=\"wp-block-image\"><figure class=\"aligncenter size-large is-resized\"><img loading=\"lazy\" decoding=\"async\" src=\"https:\/\/www.statueofsatoshi.com\/wp-content\/uploads\/2021\/09\/241557094_889506438328822_6170878772240743948_n-530x1024.jpg\" alt=\"\" class=\"wp-image-259\" width=\"355\" height=\"687\" srcset=\"https:\/\/www.statueofsatoshi.com\/wp-content\/uploads\/2021\/09\/241557094_889506438328822_6170878772240743948_n-530x1024.jpg 530w, https:\/\/www.statueofsatoshi.com\/wp-content\/uploads\/2021\/09\/241557094_889506438328822_6170878772240743948_n-155x300.jpg 155w, https:\/\/www.statueofsatoshi.com\/wp-content\/uploads\/2021\/09\/241557094_889506438328822_6170878772240743948_n.jpg 617w\" sizes=\"(max-width: 355px) 100vw, 355px\" \/><figcaption>The clay model, around April 2021.<\/figcaption><\/figure><\/div>\n\n\n\n<figure class=\"wp-block-image size-large is-resized\"><img loading=\"lazy\" decoding=\"async\" src=\"https:\/\/www.statueofsatoshi.com\/wp-content\/uploads\/2021\/09\/IMG_6055-1024x768.jpg\" alt=\"\" class=\"wp-image-304\" width=\"787\" height=\"590\" srcset=\"https:\/\/www.statueofsatoshi.com\/wp-content\/uploads\/2021\/09\/IMG_6055-1024x768.jpg 1024w, https:\/\/www.statueofsatoshi.com\/wp-content\/uploads\/2021\/09\/IMG_6055-300x225.jpg 300w, https:\/\/www.statueofsatoshi.com\/wp-content\/uploads\/2021\/09\/IMG_6055-768x576.jpg 768w, https:\/\/www.statueofsatoshi.com\/wp-content\/uploads\/2021\/09\/IMG_6055-1536x1152.jpg 1536w, https:\/\/www.statueofsatoshi.com\/wp-content\/uploads\/2021\/09\/IMG_6055-2048x1536.jpg 2048w\" sizes=\"(max-width: 767px) 89vw, (max-width: 1000px) 54vw, (max-width: 1071px) 543px, 580px\" \/><figcaption>The Satoshi Nakamoto statue team, l-r: Imre Szil\u00e1gyi, Gabriella Debreczeni-Rask\u00f3, Debreczeni Barnab\u00e1s, Andr\u00e1s Gy\u00f6rfi, Korn\u00e9l Kalocsai<\/figcaption><\/figure>\n\n\n\n<figure class=\"wp-block-embed-youtube wp-block-embed is-type-video is-provider-youtube wp-embed-aspect-16-9 wp-has-aspect-ratio\"><div class=\"wp-block-embed__wrapper\">\n<iframe loading=\"lazy\" title=\"Making of the world&#039;s first Satoshi Nakamoto statue\" width=\"525\" height=\"295\" src=\"https:\/\/www.youtube.com\/embed\/sPMLyQ9OOOc?feature=oembed\" frameborder=\"0\" allow=\"accelerometer; autoplay; clipboard-write; encrypted-media; gyroscope; picture-in-picture\" allowfullscreen><\/iframe>\n<\/div><figcaption><em>Molding the statue.<\/em><\/figcaption><\/figure>\n\n\n\n<div class=\"wp-block-image\"><figure class=\"aligncenter size-large is-resized\"><img loading=\"lazy\" decoding=\"async\" src=\"https:\/\/www.statueofsatoshi.com\/wp-content\/uploads\/2021\/09\/20210625_092129-768x1024.jpg\" alt=\"\" class=\"wp-image-265\" width=\"374\" height=\"498\" srcset=\"https:\/\/www.statueofsatoshi.com\/wp-content\/uploads\/2021\/09\/20210625_092129-768x1024.jpg 768w, https:\/\/www.statueofsatoshi.com\/wp-content\/uploads\/2021\/09\/20210625_092129-225x300.jpg 225w, https:\/\/www.statueofsatoshi.com\/wp-content\/uploads\/2021\/09\/20210625_092129-1152x1536.jpg 1152w, https:\/\/www.statueofsatoshi.com\/wp-content\/uploads\/2021\/09\/20210625_092129-1536x2048.jpg 1536w, https:\/\/www.statueofsatoshi.com\/wp-content\/uploads\/2021\/09\/20210625_092129-scaled.jpg 1920w\" sizes=\"(max-width: 374px) 100vw, 374px\" \/><figcaption><em>Getting closer&#8230;<\/em><\/figcaption><\/figure><\/div>\n\n\n\n<div class=\"wp-block-image\"><figure class=\"aligncenter size-large is-resized\"><img loading=\"lazy\" decoding=\"async\" src=\"https:\/\/www.statueofsatoshi.com\/wp-content\/uploads\/2021\/09\/20210625_112152-768x1024.jpg\" alt=\"\" class=\"wp-image-267\" width=\"380\" height=\"505\"\/><figcaption><em>Closer and closer&#8230;<\/em><\/figcaption><\/figure><\/div>\n\n\n\n<div class=\"wp-block-image\"><figure class=\"aligncenter size-large is-resized\"><img loading=\"lazy\" decoding=\"async\" src=\"https:\/\/www.statueofsatoshi.com\/wp-content\/uploads\/2021\/09\/20210625_122048-768x1024.jpg\" alt=\"\" class=\"wp-image-269\" width=\"382\" height=\"509\" srcset=\"https:\/\/www.statueofsatoshi.com\/wp-content\/uploads\/2021\/09\/20210625_122048-768x1024.jpg 768w, https:\/\/www.statueofsatoshi.com\/wp-content\/uploads\/2021\/09\/20210625_122048-225x300.jpg 225w, https:\/\/www.statueofsatoshi.com\/wp-content\/uploads\/2021\/09\/20210625_122048-1152x1536.jpg 1152w, https:\/\/www.statueofsatoshi.com\/wp-content\/uploads\/2021\/09\/20210625_122048-1536x2048.jpg 1536w, https:\/\/www.statueofsatoshi.com\/wp-content\/uploads\/2021\/09\/20210625_122048-scaled.jpg 1920w\" sizes=\"(max-width: 382px) 100vw, 382px\" \/><figcaption><em>Two plus two is one&#8230; \ud83d\ude42<\/em><\/figcaption><\/figure><\/div>\n\n\n\n<div class=\"wp-block-image\"><figure class=\"aligncenter size-large is-resized\"><img loading=\"lazy\" decoding=\"async\" src=\"https:\/\/www.statueofsatoshi.com\/wp-content\/uploads\/2021\/09\/IMG_0688.jpg\" alt=\"\" class=\"wp-image-271\" width=\"386\" height=\"514\" srcset=\"https:\/\/www.statueofsatoshi.com\/wp-content\/uploads\/2021\/09\/IMG_0688.jpg 720w, https:\/\/www.statueofsatoshi.com\/wp-content\/uploads\/2021\/09\/IMG_0688-225x300.jpg 225w\" sizes=\"(max-width: 386px) 100vw, 386px\" \/><figcaption>Closer and closer&#8230;<\/figcaption><\/figure><\/div>\n\n\n\n<div class=\"wp-block-image\"><figure class=\"aligncenter size-large is-resized\"><img loading=\"lazy\" decoding=\"async\" src=\"https:\/\/www.statueofsatoshi.com\/wp-content\/uploads\/2021\/11\/IMG_6189-1024x1024.jpg\" alt=\"\" class=\"wp-image-341\" width=\"384\" height=\"384\" srcset=\"https:\/\/www.statueofsatoshi.com\/wp-content\/uploads\/2021\/11\/IMG_6189-1024x1024.jpg 1024w, https:\/\/www.statueofsatoshi.com\/wp-content\/uploads\/2021\/11\/IMG_6189-300x300.jpg 300w, https:\/\/www.statueofsatoshi.com\/wp-content\/uploads\/2021\/11\/IMG_6189-150x150.jpg 150w, https:\/\/www.statueofsatoshi.com\/wp-content\/uploads\/2021\/11\/IMG_6189-768x768.jpg 768w, https:\/\/www.statueofsatoshi.com\/wp-content\/uploads\/2021\/11\/IMG_6189-1536x1536.jpg 1536w, https:\/\/www.statueofsatoshi.com\/wp-content\/uploads\/2021\/11\/IMG_6189-2048x2048.jpg 2048w, https:\/\/www.statueofsatoshi.com\/wp-content\/uploads\/2021\/11\/IMG_6189-100x100.jpg 100w\" sizes=\"(max-width: 384px) 100vw, 384px\" \/><figcaption>&#8230;closer&#8230;<\/figcaption><\/figure><\/div>\n\n\n\n<div class=\"wp-block-image\"><figure class=\"aligncenter size-large is-resized\"><img loading=\"lazy\" decoding=\"async\" src=\"https:\/\/www.statueofsatoshi.com\/wp-content\/uploads\/2021\/09\/241666437_597418201421498_8876622322126909093_n.jpg\" alt=\"\" class=\"wp-image-278\" width=\"383\" height=\"509\"\/><figcaption>Very-very close&#8230;<\/figcaption><\/figure><\/div>\n\n\n\n<div class=\"wp-block-image\"><figure class=\"aligncenter size-large\"><img loading=\"lazy\" decoding=\"async\" width=\"1024\" height=\"683\" src=\"https:\/\/www.statueofsatoshi.com\/wp-content\/uploads\/2021\/09\/satoshi_nakamoto_szobor-3-1024x683.jpg\" alt=\"\" class=\"wp-image-283\" srcset=\"https:\/\/www.statueofsatoshi.com\/wp-content\/uploads\/2021\/09\/satoshi_nakamoto_szobor-3-1024x683.jpg 1024w, https:\/\/www.statueofsatoshi.com\/wp-content\/uploads\/2021\/09\/satoshi_nakamoto_szobor-3-300x200.jpg 300w, https:\/\/www.statueofsatoshi.com\/wp-content\/uploads\/2021\/09\/satoshi_nakamoto_szobor-3-768x512.jpg 768w, https:\/\/www.statueofsatoshi.com\/wp-content\/uploads\/2021\/09\/satoshi_nakamoto_szobor-3-1536x1024.jpg 1536w, https:\/\/www.statueofsatoshi.com\/wp-content\/uploads\/2021\/09\/satoshi_nakamoto_szobor-3.jpg 1920w\" sizes=\"(max-width: 767px) 89vw, (max-width: 1000px) 54vw, (max-width: 1071px) 543px, 580px\" \/><figcaption>And finally, the big moment of the unveiling, September 16th 2021, Graphisoft Park.<\/figcaption><\/figure><\/div>\n","protected":false},"excerpt":{"rendered":"<p>The making of the world&#8217;s first Satoshi Nakamoto statue can be seen here. The whole process was four months, done in several locations, workshops in the Hungarian countryside, in Pest county. We are very grateful for sculptures R\u00e9ka Gergely and Tam\u00e1s Gilly for working with us, they created something truly remarkable.<\/p>\n","protected":false},"author":2,"featured_media":0,"parent":0,"menu_order":0,"comment_status":"closed","ping_status":"closed","template":"","meta":{"_monsterinsights_skip_tracking":false,"_monsterinsights_sitenote_active":false,"_monsterinsights_sitenote_note":"","_monsterinsights_sitenote_category":0,"footnotes":""},"_links":{"self":[{"href":"https:\/\/www.statueofsatoshi.com\/index.php\/wp-json\/wp\/v2\/pages\/201"}],"collection":[{"href":"https:\/\/www.statueofsatoshi.com\/index.php\/wp-json\/wp\/v2\/pages"}],"about":[{"href":"https:\/\/www.statueofsatoshi.com\/index.php\/wp-json\/wp\/v2\/types\/page"}],"author":[{"embeddable":true,"href":"https:\/\/www.statueofsatoshi.com\/index.php\/wp-json\/wp\/v2\/users\/2"}],"replies":[{"embeddable":true,"href":"https:\/\/www.statueofsatoshi.com\/index.php\/wp-json\/wp\/v2\/comments?post=201"}],"version-history":[{"count":22,"href":"https:\/\/www.statueofsatoshi.com\/index.php\/wp-json\/wp\/v2\/pages\/201\/revisions"}],"predecessor-version":[{"id":346,"href":"https:\/\/www.statueofsatoshi.com\/index.php\/wp-json\/wp\/v2\/pages\/201\/revisions\/346"}],"wp:attachment":[{"href":"https:\/\/www.statueofsatoshi.com\/index.php\/wp-json\/wp\/v2\/media?parent=201"}],"curies":[{"name":"wp","href":"https:\/\/api.w.org\/{rel}","templated":true}]}}