{"id":323,"date":"2021-10-01T11:05:10","date_gmt":"2021-10-01T11:05:10","guid":{"rendered":"http:\/\/www.statueofsatoshi.com\/?page_id=323"},"modified":"2021-10-01T11:36:24","modified_gmt":"2021-10-01T11:36:24","slug":"unveiling","status":"publish","type":"page","link":"https:\/\/www.statueofsatoshi.com\/index.php\/unveiling\/","title":{"rendered":"Unveiling"},"content":{"rendered":"\n<p>On the 16th of September 2021 we unveiled the world&#8217;s first Satoshi Nakamoto statue in Budapest, Hungary, in the Graphisoft Park. 3-400 visitors gathered to celebrate Bitcoin, and the unknown creator behind it. You can view the entire event in the videos below, we added photos as well:<\/p>\n\n\n\n<figure class=\"wp-block-embed-youtube wp-block-embed is-type-video is-provider-youtube wp-embed-aspect-16-9 wp-has-aspect-ratio\"><div class=\"wp-block-embed__wrapper\">\n<iframe loading=\"lazy\" title=\"Satoshi Nakamoto szoboravat\u00f3 \/\/ Unveiling Satoshi Nakamoto&#039;s statue LIVE\" width=\"525\" height=\"295\" src=\"https:\/\/www.youtube.com\/embed\/em74TdeSsbw?start=4173&#038;feature=oembed\" frameborder=\"0\" allow=\"accelerometer; autoplay; clipboard-write; encrypted-media; gyroscope; picture-in-picture\" allowfullscreen><\/iframe>\n<\/div><\/figure>\n\n\n\n<p>Short(er) version from a different angle:<\/p>\n\n\n\n<figure class=\"wp-block-embed-youtube wp-block-embed is-type-video is-provider-youtube wp-embed-aspect-16-9 wp-has-aspect-ratio\"><div class=\"wp-block-embed__wrapper\">\n<iframe loading=\"lazy\" title=\"Satoshi szoboravat\u00f3 r\u00f6vid(ebb) verzi\u00f3 \/\/ Satoshi statue unveiling short(er) version\" width=\"525\" height=\"295\" src=\"https:\/\/www.youtube.com\/embed\/iDSZEuFicAg?start=166&#038;feature=oembed\" frameborder=\"0\" allow=\"accelerometer; autoplay; clipboard-write; encrypted-media; gyroscope; picture-in-picture\" allowfullscreen><\/iframe>\n<\/div><\/figure>\n\n\n\n<figure class=\"wp-block-image size-large\"><img loading=\"lazy\" decoding=\"async\" width=\"1024\" height=\"683\" src=\"https:\/\/www.statueofsatoshi.com\/wp-content\/uploads\/2021\/10\/100A6758-1024x683.jpg\" alt=\"\" class=\"wp-image-328\" srcset=\"https:\/\/www.statueofsatoshi.com\/wp-content\/uploads\/2021\/10\/100A6758-1024x683.jpg 1024w, https:\/\/www.statueofsatoshi.com\/wp-content\/uploads\/2021\/10\/100A6758-300x200.jpg 300w, https:\/\/www.statueofsatoshi.com\/wp-content\/uploads\/2021\/10\/100A6758-768x512.jpg 768w, https:\/\/www.statueofsatoshi.com\/wp-content\/uploads\/2021\/10\/100A6758-1536x1024.jpg 1536w, https:\/\/www.statueofsatoshi.com\/wp-content\/uploads\/2021\/10\/100A6758-2048x1365.jpg 2048w\" sizes=\"(max-width: 767px) 89vw, (max-width: 1000px) 54vw, (max-width: 1071px) 543px, 580px\" \/><figcaption>Security and medic, obligatory parts of a big event in Hungary.<\/figcaption><\/figure>\n\n\n\n<figure class=\"wp-block-image size-large\"><img loading=\"lazy\" decoding=\"async\" width=\"1024\" height=\"683\" src=\"https:\/\/www.statueofsatoshi.com\/wp-content\/uploads\/2021\/10\/100A6899-1024x683.jpg\" alt=\"\" class=\"wp-image-329\" srcset=\"https:\/\/www.statueofsatoshi.com\/wp-content\/uploads\/2021\/10\/100A6899-1024x683.jpg 1024w, https:\/\/www.statueofsatoshi.com\/wp-content\/uploads\/2021\/10\/100A6899-300x200.jpg 300w, https:\/\/www.statueofsatoshi.com\/wp-content\/uploads\/2021\/10\/100A6899-768x512.jpg 768w, https:\/\/www.statueofsatoshi.com\/wp-content\/uploads\/2021\/10\/100A6899-1536x1024.jpg 1536w, https:\/\/www.statueofsatoshi.com\/wp-content\/uploads\/2021\/10\/100A6899-2048x1365.jpg 2048w\" sizes=\"(max-width: 767px) 89vw, (max-width: 1000px) 54vw, (max-width: 1071px) 543px, 580px\" \/><figcaption><em>Andr\u00e1s Gy\u00f6rfi opening the ceremony.<\/em><\/figcaption><\/figure>\n\n\n\n<figure class=\"wp-block-image size-large\"><img loading=\"lazy\" decoding=\"async\" width=\"1024\" height=\"683\" src=\"https:\/\/www.statueofsatoshi.com\/wp-content\/uploads\/2021\/10\/100A7000-1024x683.jpg\" alt=\"\" class=\"wp-image-330\" srcset=\"https:\/\/www.statueofsatoshi.com\/wp-content\/uploads\/2021\/10\/100A7000-1024x683.jpg 1024w, https:\/\/www.statueofsatoshi.com\/wp-content\/uploads\/2021\/10\/100A7000-300x200.jpg 300w, https:\/\/www.statueofsatoshi.com\/wp-content\/uploads\/2021\/10\/100A7000-768x512.jpg 768w, https:\/\/www.statueofsatoshi.com\/wp-content\/uploads\/2021\/10\/100A7000-1536x1024.jpg 1536w, https:\/\/www.statueofsatoshi.com\/wp-content\/uploads\/2021\/10\/100A7000-2048x1365.jpg 2048w\" sizes=\"(max-width: 767px) 89vw, (max-width: 1000px) 54vw, (max-width: 1071px) 543px, 580px\" \/><figcaption>Batnab\u00e1s Debreczeni&#8217;s speach.<\/figcaption><\/figure>\n","protected":false},"excerpt":{"rendered":"<p>On the 16th of September 2021 we unveiled the world&#8217;s first Satoshi Nakamoto statue in Budapest, Hungary, in the Graphisoft Park. 3-400 visitors gathered to celebrate Bitcoin, and the unknown creator behind it. You can view the entire event in the videos below, we added photos as well: Short(er) version from a different angle:<\/p>\n","protected":false},"author":2,"featured_media":0,"parent":0,"menu_order":0,"comment_status":"closed","ping_status":"closed","template":"","meta":{"_monsterinsights_skip_tracking":false,"_monsterinsights_sitenote_active":false,"_monsterinsights_sitenote_note":"","_monsterinsights_sitenote_category":0,"footnotes":""},"_links":{"self":[{"href":"https:\/\/www.statueofsatoshi.com\/index.php\/wp-json\/wp\/v2\/pages\/323"}],"collection":[{"href":"https:\/\/www.statueofsatoshi.com\/index.php\/wp-json\/wp\/v2\/pages"}],"about":[{"href":"https:\/\/www.statueofsatoshi.com\/index.php\/wp-json\/wp\/v2\/types\/page"}],"author":[{"embeddable":true,"href":"https:\/\/www.statueofsatoshi.com\/index.php\/wp-json\/wp\/v2\/users\/2"}],"replies":[{"embeddable":true,"href":"https:\/\/www.statueofsatoshi.com\/index.php\/wp-json\/wp\/v2\/comments?post=323"}],"version-history":[{"count":5,"href":"https:\/\/www.statueofsatoshi.com\/index.php\/wp-json\/wp\/v2\/pages\/323\/revisions"}],"predecessor-version":[{"id":333,"href":"https:\/\/www.statueofsatoshi.com\/index.php\/wp-json\/wp\/v2\/pages\/323\/revisions\/333"}],"wp:attachment":[{"href":"https:\/\/www.statueofsatoshi.com\/index.php\/wp-json\/wp\/v2\/media?parent=323"}],"curies":[{"name":"wp","href":"https:\/\/api.w.org\/{rel}","templated":true}]}}