{"id":9,"date":"2021-05-27T11:09:41","date_gmt":"2021-05-27T11:09:41","guid":{"rendered":"http:\/\/www.statueofsatoshi.com\/?page_id=9"},"modified":"2021-11-02T13:16:07","modified_gmt":"2021-11-02T13:16:07","slug":"home","status":"publish","type":"page","link":"https:\/\/www.statueofsatoshi.com\/","title":{"rendered":"Satoshi&#8217;s statue is located in Budapest, Hungary"},"content":{"rendered":"\n<p>The world&#8217;s first statue erected to remember the developer of Bitcoin is located in the heart of Europe, in the capital of Hungary, Budapest. The goal of the statue is to honor Satoshi Nakamoto, the founders believe that his work is truly something to be remembered. Not just because of its significance in the world of IT, but because of its value for humanity in general. <\/p>\n\n\n\n<blockquote class=\"wp-block-quote\"><p>Bitcoin is more then a digital currency. Bitcoin, and especially the underlaying technology, blockchain is an answer to many of our problems.<\/p><\/blockquote>\n\n\n\n<p>The basic idea for a Satoshi statue came from Andr\u00e1s Gy\u00f6rfi, editor of <a href=\"http:\/\/kriptoakademia.com\">Kripto Akad\u00e9mia<\/a>, the leading Hungarian crypto news site. The most important players of the local crypto market quickly joined, Gabi Debreczeni-Rask\u00f3, Debreczeni Barnab\u00e1s from <a href=\"https:\/\/www.mrcoin.eu\/en\/\">MrCoin<\/a>, the leading crypto exchange of the country, Imre Szil\u00e1gyi, founder of the <a href=\"https:\/\/blockchainbudapest.hu\/\">Blockchain Budapest<\/a> conference, and Korn\u00e9l Kalocsai, head of the <a href=\"https:\/\/www.blockchainhungary.org\/\">Blockchain Hungary Association<\/a>.<\/p>\n\n\n\n<p>Satoshi&#8217;s statue represents a general human figure, since we do not know the gender, race, age, height of the mysterious developer. Satoshi is wearing a hoodie, with the Bitcoin logo on its chest. The statue is made of bronze, the face is made of a special bronze-aluminium composite, thus every visitor can see their own face when looking at Satoshi.<\/p>\n\n\n\n<blockquote class=\"wp-block-quote\"><p>We are all Satoshi.<\/p><cite><strong>Short summary of the event here:<\/strong><\/cite><\/blockquote>\n\n\n\n<figure class=\"wp-block-embed-youtube wp-block-embed is-type-video is-provider-youtube wp-embed-aspect-16-9 wp-has-aspect-ratio\"><div class=\"wp-block-embed__wrapper\">\n<iframe loading=\"lazy\" title=\"Satoshi szoboravat\u00f3 \u00f6sszefoglal\u00f3 \/\/ Summary of the unveiling of Satoshi&#039;s statue\" width=\"525\" height=\"295\" src=\"https:\/\/www.youtube.com\/embed\/Jki-ECFWfn8?start=1&#038;feature=oembed\" frameborder=\"0\" allow=\"accelerometer; autoplay; clipboard-write; encrypted-media; gyroscope; picture-in-picture\" allowfullscreen><\/iframe>\n<\/div><\/figure>\n\n\n\n<p><\/p>\n\n\n\n<p class=\"has-text-align-center\"><strong>Satoshi&#8217;s statue has been unveiled on the 16th of September 2021, you can re-watch the event here: <\/strong><\/p>\n\n\n\n<figure class=\"wp-block-embed-youtube wp-block-embed is-type-video is-provider-youtube wp-embed-aspect-16-9 wp-has-aspect-ratio\"><div class=\"wp-block-embed__wrapper\">\n<iframe loading=\"lazy\" title=\"Satoshi Nakamoto szoboravat\u00f3 \/\/ Unveiling Satoshi Nakamoto&#039;s statue LIVE\" width=\"525\" height=\"295\" src=\"https:\/\/www.youtube.com\/embed\/em74TdeSsbw?feature=oembed\" frameborder=\"0\" allow=\"accelerometer; autoplay; clipboard-write; encrypted-media; gyroscope; picture-in-picture\" allowfullscreen><\/iframe>\n<\/div><\/figure>\n","protected":false},"excerpt":{"rendered":"<p>The world&#8217;s first statue erected to remember the developer of Bitcoin is located in the heart of Europe, in the capital of Hungary, Budapest. The goal of the statue is to honor Satoshi Nakamoto, the founders believe that his work is truly something to be remembered. Not just because of its significance in the world &hellip; <\/p>\n<p class=\"link-more\"><a href=\"https:\/\/www.statueofsatoshi.com\/\" class=\"more-link\">Continue reading<span class=\"screen-reader-text\"> &#8220;Satoshi&#8217;s statue is located in Budapest, Hungary&#8221;<\/span><\/a><\/p>\n","protected":false},"author":2,"featured_media":0,"parent":0,"menu_order":0,"comment_status":"closed","ping_status":"closed","template":"","meta":{"_monsterinsights_skip_tracking":false,"_monsterinsights_sitenote_active":false,"_monsterinsights_sitenote_note":"","_monsterinsights_sitenote_category":0,"footnotes":""},"_links":{"self":[{"href":"https:\/\/www.statueofsatoshi.com\/index.php\/wp-json\/wp\/v2\/pages\/9"}],"collection":[{"href":"https:\/\/www.statueofsatoshi.com\/index.php\/wp-json\/wp\/v2\/pages"}],"about":[{"href":"https:\/\/www.statueofsatoshi.com\/index.php\/wp-json\/wp\/v2\/types\/page"}],"author":[{"embeddable":true,"href":"https:\/\/www.statueofsatoshi.com\/index.php\/wp-json\/wp\/v2\/users\/2"}],"replies":[{"embeddable":true,"href":"https:\/\/www.statueofsatoshi.com\/index.php\/wp-json\/wp\/v2\/comments?post=9"}],"version-history":[{"count":13,"href":"https:\/\/www.statueofsatoshi.com\/index.php\/wp-json\/wp\/v2\/pages\/9\/revisions"}],"predecessor-version":[{"id":343,"href":"https:\/\/www.statueofsatoshi.com\/index.php\/wp-json\/wp\/v2\/pages\/9\/revisions\/343"}],"wp:attachment":[{"href":"https:\/\/www.statueofsatoshi.com\/index.php\/wp-json\/wp\/v2\/media?parent=9"}],"curies":[{"name":"wp","href":"https:\/\/api.w.org\/{rel}","templated":true}]}}